{"id":619,"date":"2022-12-07T18:55:37","date_gmt":"2022-12-07T18:55:37","guid":{"rendered":"http:\/\/sqh.es\/?page_id=619"},"modified":"2022-12-07T18:56:06","modified_gmt":"2022-12-07T18:56:06","slug":"aviso-legal","status":"publish","type":"page","link":"https:\/\/sqh.es\/es\/aviso-legal\/","title":{"rendered":"Aviso legal"},"content":{"rendered":"\n<p>En cumplimiento del art\u00edculo 10 de la Ley 34\/2002, de 11 de julio, de Servicios de la Sociedad de la Informaci\u00f3n y del Comercio Electr\u00f3nico (LSSICE), Smart Quality Homes S.L. (en adelante, \u201cSmart Quality Homes\u201d), Responsable de esta web, pone a disposici\u00f3n de los Usuarios la presente informaci\u00f3n, para definir sus Condiciones de Uso.<\/p>\n\n\n\n<p>Adicionalmente a los contenidos aqu\u00ed expuestos, los aspectos espec\u00edficos relacionados con la protecci\u00f3n de los datos personales y la privacidad de los usuarios de esta web se desarrollan en las p\u00e1ginas de Pol\u00edtica de Privacidad y Pol\u00edtica de Cookies.<\/p>\n\n\n\n<p><em><strong>Identidad del Responsable del Tratamiento<\/strong><\/em><\/p>\n\n\n\n<ul>\n<li><strong>Denominaci\u00f3n Social<\/strong>: Smart Quality Homes S.L.<\/li>\n\n\n\n<li><strong>Nombre Comercial<\/strong>: Smart Quality Homes<\/li>\n\n\n\n<li><strong>CIF<\/strong>: B42695486<\/li>\n\n\n\n<li><strong>Inscrita en el Registro Mercantil de Alicante:&nbsp;<\/strong>Tomo: 4281, Folio: 92, Secci\u00f3n: 8, Hoja Registral: 169045, Inscripci\u00f3n: 1<\/li>\n\n\n\n<li><strong>Domicilio Social<\/strong>: Calle Mayor 11 \u2013 03188, La Mata, Alicante<\/li>\n\n\n\n<li><strong>Actividad<\/strong>: Inmobiliaria<\/li>\n\n\n\n<li><strong>Tel\u00e9fono<\/strong>: 655 344 123<\/li>\n\n\n\n<li><strong>eMail<\/strong>:&nbsp;<a href=\"mailto:christian@sqh.es\">christian@sqh.es<\/a><\/li>\n\n\n\n<li><strong>Formulario de contacto<\/strong>:&nbsp;<a href=\"https:\/\/sqh.es\/es\/contactanos\/\">https:\/\/sqh.es\/es\/contactanos\/<\/a><\/li>\n\n\n\n<li><strong>Nombre de Dominio<\/strong>:&nbsp;<a href=\"http:\/\/www.sqh.es\/\">www.sqh.es<\/a><\/li>\n\n\n\n<li><strong>Registro de Tratamientos conforme al RGPD:<\/strong>&nbsp;Clientes\/Proveedores, Empleados y Usuarios Web.<\/li>\n\n\n\n<li><strong>Datos del DPD:&nbsp;<\/strong>ExpertosLOPD, S.L., CIF: B70585450, Calle Juan Fl\u00f3rez, 146 \u2013 15005, A Coru\u00f1a,&nbsp;<a href=\"mailto:administracion@expertoslopd.es\">administracion@expertoslopd.es<\/a>, 981 979 015<\/li>\n<\/ul>\n\n\n\n<p><em><strong><br>Finalidad de la Web<\/strong><\/em><\/p>\n\n\n\n<p>La web de Smart Quality Homes tiene la finalidad de informar a clientes y potenciales clientes de sus productos y\/o servicios, datos de contacto, ubicaci\u00f3n, etc. Adem\u00e1s, en su caso, tambi\u00e9n tendr\u00e1 la finalidad de divulgar informaci\u00f3n relacionada con el sector de actividad del Responsable.<\/p>\n\n\n\n<p><em><strong><br>Marco Normativo<\/strong><\/em><\/p>\n\n\n\n<p>La actividad de esta web se encuentra sujeta al marco legal espa\u00f1ol y europeo, concretamente a las siguientes normas:<\/p>\n\n\n\n<ul>\n<li>Reglamento General de Protecci\u00f3n de Datos (RGPD) (UE) 2016\/679, de 27 de abril, que regula el tratamiento de datos personales en los pa\u00edses de la Uni\u00f3n Europea.<\/li>\n\n\n\n<li>Ley Org\u00e1nica 3\/2018, de 5 de diciembre, sobre Protecci\u00f3n de Datos Personales y Garant\u00eda de los Derechos Digitales (LOPD y GDD), norma de \u00e1mbito regional (aplicable a Espa\u00f1a), y que define y ampl\u00eda muchos de los conceptos y derechos presentes en el RGPD.<\/li>\n\n\n\n<li>Ley 34\/2002, de 11 de julio, de Servicios de la Sociedad de la Informaci\u00f3n y del Comercio Electr\u00f3nico (LSSICE), norma que afecta a aquellas webs que, de alguna forma, realicen actividades econ\u00f3micas mediante medios electr\u00f3nicos, como es el caso de esta web.<\/li>\n<\/ul>\n","protected":false},"excerpt":{"rendered":"<p>En cumplimiento del art\u00edculo 10 de la Ley 34\/2002, de 11 de julio, de Servicios de la Sociedad de la Informaci\u00f3n y del Comercio Electr\u00f3nico (LSSICE), Smart Quality Homes S.L. (en adelante, \u201cSmart Quality Homes\u201d), Responsable de esta web, pone a disposici\u00f3n de los Usuarios la presente informaci\u00f3n, para definir sus Condiciones de Uso. Adicionalmente [&hellip;]<\/p>\n","protected":false},"author":1,"featured_media":0,"parent":0,"menu_order":0,"comment_status":"closed","ping_status":"closed","template":"","meta":{"footnotes":""},"_links":{"self":[{"href":"https:\/\/sqh.es\/es\/wp-json\/wp\/v2\/pages\/619"}],"collection":[{"href":"https:\/\/sqh.es\/es\/wp-json\/wp\/v2\/pages"}],"about":[{"href":"https:\/\/sqh.es\/es\/wp-json\/wp\/v2\/types\/page"}],"author":[{"embeddable":true,"href":"https:\/\/sqh.es\/es\/wp-json\/wp\/v2\/users\/1"}],"replies":[{"embeddable":true,"href":"https:\/\/sqh.es\/es\/wp-json\/wp\/v2\/comments?post=619"}],"version-history":[{"count":1,"href":"https:\/\/sqh.es\/es\/wp-json\/wp\/v2\/pages\/619\/revisions"}],"predecessor-version":[{"id":620,"href":"https:\/\/sqh.es\/es\/wp-json\/wp\/v2\/pages\/619\/revisions\/620"}],"wp:attachment":[{"href":"https:\/\/sqh.es\/es\/wp-json\/wp\/v2\/media?parent=619"}],"curies":[{"name":"wp","href":"https:\/\/api.w.org\/{rel}","templated":true}]}}