{"id":640,"date":"2022-12-07T18:56:40","date_gmt":"2022-12-07T18:56:40","guid":{"rendered":"http:\/\/sqh.es\/?page_id=640"},"modified":"2022-12-07T18:56:41","modified_gmt":"2022-12-07T18:56:41","slug":"condiciones-de-uso","status":"publish","type":"page","link":"https:\/\/sqh.es\/es\/condiciones-de-uso\/","title":{"rendered":"Condiciones de uso"},"content":{"rendered":"\n<p>Toda persona que acceda a este sitio web asume el papel de Usuario, comprometi\u00e9ndose a la observancia y cumplimiento riguroso de las condiciones aqu\u00ed dispuestas, as\u00ed como a cualesquiera otra disposici\u00f3n legal que fuera de aplicaci\u00f3n. \u201cSmart Quality Homes\u201d no se har\u00e1 responsable de los da\u00f1os y perjuicios, propios o a terceros, producidos por el uso inadecuado de este sitio web por parte del Usuario.<\/p>\n\n\n\n<p>\u201cSmart Quality Homes\u201d proporciona el acceso a art\u00edculos, informaciones, servicios y datos de su propiedad o de terceros, elaborados con fines meramente informativos o divulgativos, que pueden no reflejar el estado actual de la legislaci\u00f3n o la jurisprudencia, y que se refieren a situaciones generales, por lo que su contenido no debe ser aplicado necesariamente por el Usuario a casos concretos. El contenido de esta web, por tanto, no puede ser considerado, en ning\u00fan caso, sustitutivo de asesoramiento legal.<\/p>\n\n\n\n<p>\u201cSmart Quality Homes\u201d se reserva el derecho a modificar cualquier tipo de informaci\u00f3n que pudiera aparecer en la web, en cualquier momento y sin previo aviso, sin que exista obligaci\u00f3n de preavisar o poner en conocimiento de los Usuarios dichas obligaciones, entendi\u00e9ndose como suficiente la publicaci\u00f3n en el presente sitio web.<\/p>\n\n\n\n<p>Este sitio web ha sido revisado y probado para que funcione correctamente de manera ininterrumpida. No obstante, \u201cSmart Quality Homes\u201d no descarta la posibilidad de que existan ciertos errores de programaci\u00f3n, falta de disponibilidad puntual (por ejemplo, ca\u00eddas del servidor, o mantenimiento del mismo) o que acontezcan causas de fuerza mayor, cat\u00e1strofes naturales, huelgas, o circunstancias semejantes que hagan imposible el acceso temporal a la p\u00e1gina web. De igual forma, \u201cSmart Quality Homes\u201d no&nbsp;puede&nbsp;garantizar el funcionamiento ininterrumpido o totalmente libre de errores de esta web, ni se responsabiliza de los virus que tengan su origen en una transmisi\u00f3n telem\u00e1tica infiltrados por terceros generados con la finalidad de obtener resultados negativos para un sistema inform\u00e1tico.<\/p>\n\n\n\n<p>El Usuario se compromete a no utilizar esta web ni, si es el caso, los servicios o productos ofrecidos en la misma, para la realizaci\u00f3n de actividades contrarias a la ley, al orden p\u00fablico o a estas condiciones de uso. Por tanto, \u201cSmart Quality Homes\u201d no se hace responsable de la informaci\u00f3n y contenidos almacenados, a t\u00edtulo enunciativo pero no limitativo, en foros, chat\u00b4s, generadores de blogs, comentarios, redes sociales o cualesquiera otro medio que permita a terceros publicar contenidos. No obstante, y en cumplimiento de lo dispuesto en el art. 11 y 16 de la LSSI-CE, \u201cSmart Quality Homes\u201d se pone a disposici\u00f3n de todos los Usuarios, autoridades y fuerzas de seguridad, colaborando de forma activa en la retirada o en su caso bloqueo de todos aquellos contenidos que pudieran afectar o contravenir la legislaci\u00f3n nacional, o internacional, derechos de terceros, o la moral y el orden p\u00fablico. En caso de que un Usuario considere que existe en la web alg\u00fan contenido que pudiera ser susceptible de esta clasificaci\u00f3n, se ruega lo notifique de forma inmediata a nuestro personal.<\/p>\n\n\n\n<p>\u201cSmart Quality Homes\u201d se reserva el derecho a denegar o retirar el acceso a la web sin necesidad de advertencia previa, a instancia propia o de un tercero, a aquellos Usuarios que incumplan nuestras Condiciones de Uso.<\/p>\n\n\n\n<p><em><strong><br>Propiedad Intelectual<\/strong><\/em><\/p>\n\n\n\n<p>El sitio web, incluyendo a t\u00edtulo enunciativo pero no limitativo su programaci\u00f3n, edici\u00f3n, compilaci\u00f3n y dem\u00e1s elementos necesarios para su funcionamiento, los dise\u00f1os, logotipos, texto y\/o gr\u00e1ficos son propiedad de \u201cSmart Quality Homes\u201d o, en su caso, dispone de licencia o autorizaci\u00f3n expresa por parte de los autores.<\/p>\n\n\n\n<p>Todos los contenidos del sitio web se encuentran debidamente protegidos por la normativa de propiedad intelectual e industrial, as\u00ed como inscritos en los registros p\u00fablicos correspondientes, y no se permite la reproducci\u00f3n y\/o publicaci\u00f3n, total o parcial, del sitio web, ni su tratamiento inform\u00e1tico, su distribuci\u00f3n, difusi\u00f3n,&nbsp;modificaci\u00f3n o transformaci\u00f3n, sin el permiso previo y por escrito del mismo. \u201cSmart Quality Homes\u201d velar\u00e1 por el cumplimiento de las anteriores condiciones, as\u00ed como por la debida utilizaci\u00f3n de los contenidos presentados en sus p\u00e1ginas web, ejercitando todas las acciones civiles y penales que le correspondan en el caso de infracci\u00f3n o incumplimiento de estos derechos por parte del Usuario.<\/p>\n\n\n\n<p>Los dise\u00f1os, logotipos, texto y\/o gr\u00e1ficos ajenos a \u201cSmart Quality Homes\u201d y que pudieran aparecer en el sitio web, pertenecen a sus respectivos propietarios, siendo ellos mismos responsables de cualquier posible controversia que pudiera suscitarse respecto a los mismos. En todo caso, \u201cSmart Quality Homes\u201d cuenta con la autorizaci\u00f3n expresa y previa por parte de los mismos. \u201cSmart Quality Homes\u201d reconoce a favor de sus titulares los correspondientes derechos de propiedad industrial e intelectual, no implicando su sola menci\u00f3n o aparici\u00f3n en el sitio web la existencia de derechos o responsabilidad alguna del Responsable sobre los mismos, como tampoco respaldo, patrocinio o recomendaci\u00f3n por parte del mismo.<\/p>\n\n\n\n<p><em><strong><br>Enlaces de terceros<\/strong><\/em><\/p>\n\n\n\n<p>\u201cSmart Quality Homes\u201d puede poner a&nbsp;disposici\u00f3n del&nbsp;Usuario&nbsp;enlaces u otros elementos que permiten el acceso hacia otros sitios web pertenecientes a terceros. No comercializamos los productos y\/o servicios de dichas p\u00e1ginas enlazadas, ni asumimos ning\u00fan tipo de responsabilidad sobre las mismas, ni sobre la informaci\u00f3n contenida en ellas, ni su veracidad o licitud,&nbsp;ni de cualesquiera efectos que pudieran derivarse.<\/p>\n\n\n\n<p>En todo caso, \u201cSmart Quality Homes\u201d manifiesta que proceder\u00e1 a la retirada inmediata de cualquier contenido que pudiera contravenir la legislaci\u00f3n nacional o internacional, la moral o el orden p\u00fablico, procediendo a la retirada inmediata de la redirecci\u00f3n a dicho sitio web, poniendo en conocimiento de las autoridades competentes el contenido en cuesti\u00f3n.<\/p>\n\n\n\n<p><em><strong><br>Ley Aplicable y Jurisdicci\u00f3n<\/strong><\/em><\/p>\n\n\n\n<p>La relaci\u00f3n entre Responsable y Usuario se rige en todos y cada uno de sus extremos por la ley espa\u00f1ola, a la que se someten expresamente ambas partes. El idioma de redacci\u00f3n e interpretaci\u00f3n de este aviso legal es el espa\u00f1ol. Para la resoluci\u00f3n de todas las controversias o cuestiones relacionadas con el presente sitio web o las actividades en \u00e9l desarrolladas, \u201cSmart Quality Homes\u201d y Usuario acuerdan someterse a los Juzgados y Tribunales del domicilio del Usuario.<\/p>\n","protected":false},"excerpt":{"rendered":"<p>Toda persona que acceda a este sitio web asume el papel de Usuario, comprometi\u00e9ndose a la observancia y cumplimiento riguroso de las condiciones aqu\u00ed dispuestas, as\u00ed como a cualesquiera otra disposici\u00f3n legal que fuera de aplicaci\u00f3n. \u201cSmart Quality Homes\u201d no se har\u00e1 responsable de los da\u00f1os y perjuicios, propios o a terceros, producidos por el [&hellip;]<\/p>\n","protected":false},"author":1,"featured_media":0,"parent":0,"menu_order":0,"comment_status":"closed","ping_status":"closed","template":"","meta":{"footnotes":""},"_links":{"self":[{"href":"https:\/\/sqh.es\/es\/wp-json\/wp\/v2\/pages\/640"}],"collection":[{"href":"https:\/\/sqh.es\/es\/wp-json\/wp\/v2\/pages"}],"about":[{"href":"https:\/\/sqh.es\/es\/wp-json\/wp\/v2\/types\/page"}],"author":[{"embeddable":true,"href":"https:\/\/sqh.es\/es\/wp-json\/wp\/v2\/users\/1"}],"replies":[{"embeddable":true,"href":"https:\/\/sqh.es\/es\/wp-json\/wp\/v2\/comments?post=640"}],"version-history":[{"count":1,"href":"https:\/\/sqh.es\/es\/wp-json\/wp\/v2\/pages\/640\/revisions"}],"predecessor-version":[{"id":652,"href":"https:\/\/sqh.es\/es\/wp-json\/wp\/v2\/pages\/640\/revisions\/652"}],"wp:attachment":[{"href":"https:\/\/sqh.es\/es\/wp-json\/wp\/v2\/media?parent=640"}],"curies":[{"name":"wp","href":"https:\/\/api.w.org\/{rel}","templated":true}]}}